{"id":552,"date":"2013-06-10T20:54:24","date_gmt":"2013-06-10T20:54:24","guid":{"rendered":"http:\/\/demo.studiopress.com\/agentpress\/?page_id=552"},"modified":"2015-07-03T01:08:02","modified_gmt":"2015-07-03T01:08:02","slug":"andrew-commons","status":"publish","type":"page","link":"https:\/\/www.zaragozasi.es\/?page_id=552","title":{"rendered":"Vivir en Montecanal"},"content":{"rendered":"<p>Casa en la mejor zona de Montecanal, con m\u00e1s de 240 metros \u00fatiles de casa, sobre un solar de 480 metros cuadrados. M\u00e1s de 180 metros de jardines, garaje para 2 coches, bodega de m\u00e1s de 70 metros con chimenea. Tres terrazas en ambas caras de la casa, y buhardilla confortable de 50 metros en el \u00e1tico. Forma parte de una urbanizaci\u00f3n con pistas de padel, gimnasio con sauna, jardines, zona para ni\u00f1os y piscinas.<\/p>\n<h3><strong>\u00a0\u00a0\u00a0\u00a0\u00a0\u00a0\u00a0\u00a0\u00a0\u00a0\u00a0\u00a0\u00a0\u00a0\u00a0\u00a0\u00a0\u00a0\u00a0\u00a0\u00a0\u00a0\u00a0\u00a0\u00a0\u00a0\u00a0\u00a0\u00a0\u00a0\u00a0\u00a0\u00a0\u00a0\u00a0\u00a0\u00a0\u00a0\u00a0\u00a0\u00a0\u00a0\u00a0\u00a0\u00a0\u00a0\u00a0\u00a0\u00a0\u00a0\u00a0\u00a0\u00a0\u00a0\u00a0\u00a0\u00a0\u00a0 pinchar para ver las fotos<\/strong><\/h3>\n<div id=\"gallery-1\" class=\"gallery galleryid-498 gallery-columns-4 gallery-size-thumbnail\">\n<figure class=\"gallery-item\">\n<div class=\"gallery-icon landscape\"><a class=\"cboxElement\" href=\"https:\/\/i0.wp.com\/www.zaragozasi.es\/wp-content\/uploads\/2013\/06\/P5160037.jpg\"><img data-recalc-dims=\"1\" loading=\"lazy\" decoding=\"async\" class=\"attachment-thumbnail\" src=\"https:\/\/i0.wp.com\/www.zaragozasi.es\/wp-content\/uploads\/2013\/06\/P5160037.jpg?resize=150%2C150\" alt=\"Una entrada con gusto\" width=\"150\" height=\"150\" \/><\/a><\/div><figcaption id=\"gallery-1-831\" class=\"wp-caption-text gallery-caption\"> Una entrada con gusto <\/figcaption><\/figure>\n<figure class=\"gallery-item\">\n<div class=\"gallery-icon landscape\"><a class=\"cboxElement\" href=\"https:\/\/i0.wp.com\/www.zaragozasi.es\/wp-content\/uploads\/2015\/05\/P5160055.jpg\"><img data-recalc-dims=\"1\" loading=\"lazy\" decoding=\"async\" class=\"attachment-thumbnail\" src=\"https:\/\/i0.wp.com\/www.zaragozasi.es\/wp-content\/uploads\/2015\/05\/P5160055.jpg?resize=150%2C150\" alt=\"Jardin de 90 metros\" width=\"150\" height=\"150\" \/><\/a><\/div><figcaption id=\"gallery-1-822\" class=\"wp-caption-text gallery-caption\"> Jardin de 90 metros <\/figcaption><\/figure>\n<figure class=\"gallery-item\">\n<div class=\"gallery-icon portrait\"><a class=\"cboxElement\" href=\"https:\/\/i0.wp.com\/www.zaragozasi.es\/wp-content\/uploads\/2015\/05\/P5160040.jpg\"><img data-recalc-dims=\"1\" loading=\"lazy\" decoding=\"async\" class=\"attachment-thumbnail\" src=\"https:\/\/i0.wp.com\/www.zaragozasi.es\/wp-content\/uploads\/2015\/05\/P5160040.jpg?resize=150%2C150\" alt=\"Una fachada espectacular\" width=\"150\" height=\"150\" \/><\/a><\/div><figcaption id=\"gallery-1-807\" class=\"wp-caption-text gallery-caption\"> Una fachada espectacular <\/figcaption><\/figure>\n<figure class=\"gallery-item\">\n<div class=\"gallery-icon landscape\"><a class=\"cboxElement\" href=\"https:\/\/i0.wp.com\/www.zaragozasi.es\/wp-content\/uploads\/2015\/05\/P5160053.jpg\"><img data-recalc-dims=\"1\" loading=\"lazy\" decoding=\"async\" class=\"attachment-thumbnail\" src=\"https:\/\/i0.wp.com\/www.zaragozasi.es\/wp-content\/uploads\/2015\/05\/P5160053.jpg?resize=150%2C150\" alt=\"Un c\u00e9sped bien cuidado\" width=\"150\" height=\"150\" \/><\/a><\/div><figcaption id=\"gallery-1-820\" class=\"wp-caption-text gallery-caption\"> Un c\u00e9sped bien cuidado <\/figcaption><\/figure>\n<figure class=\"gallery-item\">\n<div class=\"gallery-icon landscape\"><a class=\"cboxElement\" href=\"https:\/\/i0.wp.com\/www.zaragozasi.es\/wp-content\/uploads\/2015\/05\/P5160057.jpg\"><img data-recalc-dims=\"1\" loading=\"lazy\" decoding=\"async\" class=\"attachment-thumbnail\" src=\"https:\/\/i0.wp.com\/www.zaragozasi.es\/wp-content\/uploads\/2015\/05\/P5160057.jpg?resize=150%2C150\" alt=\"bodega con cocina\" width=\"150\" height=\"150\" \/><\/a><\/div><figcaption id=\"gallery-1-824\" class=\"wp-caption-text gallery-caption\"> bodega con cocina <\/figcaption><\/figure>\n<figure class=\"gallery-item\">\n<div class=\"gallery-icon landscape\"><a class=\"cboxElement\" href=\"https:\/\/i0.wp.com\/www.zaragozasi.es\/wp-content\/uploads\/2015\/05\/P5160061.jpg\"><img data-recalc-dims=\"1\" loading=\"lazy\" decoding=\"async\" class=\"attachment-thumbnail\" src=\"https:\/\/i0.wp.com\/www.zaragozasi.es\/wp-content\/uploads\/2015\/05\/P5160061.jpg?resize=150%2C150\" alt=\"mesa para 15 comensales\" width=\"150\" height=\"150\" \/><\/a><\/div><figcaption id=\"gallery-1-828\" class=\"wp-caption-text gallery-caption\"> mesa para 15 comensales <\/figcaption><\/figure>\n<figure class=\"gallery-item\">\n<div class=\"gallery-icon landscape\"><a class=\"cboxElement\" href=\"https:\/\/i0.wp.com\/www.zaragozasi.es\/wp-content\/uploads\/2015\/05\/P5160062.jpg\"><img data-recalc-dims=\"1\" loading=\"lazy\" decoding=\"async\" class=\"attachment-thumbnail\" src=\"https:\/\/i0.wp.com\/www.zaragozasi.es\/wp-content\/uploads\/2015\/05\/P5160062.jpg?resize=150%2C150\" alt=\"sal\u00f3n moderno\" width=\"150\" height=\"150\" \/><\/a><\/div><figcaption id=\"gallery-1-829\" class=\"wp-caption-text gallery-caption\"> sal\u00f3n moderno <\/figcaption><\/figure>\n<figure class=\"gallery-item\">\n<div class=\"gallery-icon portrait\"><a class=\"cboxElement\" href=\"https:\/\/i0.wp.com\/www.zaragozasi.es\/wp-content\/uploads\/2015\/05\/P5160048.jpg\"><img data-recalc-dims=\"1\" loading=\"lazy\" decoding=\"async\" class=\"attachment-thumbnail\" src=\"https:\/\/i0.wp.com\/www.zaragozasi.es\/wp-content\/uploads\/2015\/05\/P5160048.jpg?resize=150%2C150\" alt=\"Cerramiento de la terraza\" width=\"150\" height=\"150\" \/><\/a><\/div><figcaption id=\"gallery-1-815\" class=\"wp-caption-text gallery-caption\"> Cerramiento de la terraza <\/figcaption><\/figure>\n<\/div>\n","protected":false},"excerpt":{"rendered":"<p>Casa en la mejor zona de Montecanal, con m\u00e1s de 240 metros \u00fatiles de casa, sobre un solar de 480 metros cuadrados. M\u00e1s de 180 metros de jardines, garaje para 2 coches, bodega de m\u00e1s de 70 metros con chimenea. Tres terrazas en ambas caras de la casa, y buhardilla confortable de 50 metros en [&hellip;]<\/p>\n","protected":false},"author":1,"featured_media":812,"parent":0,"menu_order":0,"comment_status":"open","ping_status":"open","template":"","meta":{"_genesis_hide_title":false,"_genesis_hide_breadcrumbs":false,"_genesis_hide_singular_image":false,"_genesis_hide_footer_widgets":false,"_genesis_custom_body_class":"","_genesis_custom_post_class":"","_genesis_layout":"","jetpack_post_was_ever_published":false,"footnotes":""},"class_list":{"0":"post-552","1":"page","2":"type-page","3":"status-publish","4":"has-post-thumbnail","6":"entry"},"jetpack_sharing_enabled":true,"jetpack_shortlink":"https:\/\/wp.me\/P6qGar-8U","_links":{"self":[{"href":"https:\/\/www.zaragozasi.es\/index.php?rest_route=\/wp\/v2\/pages\/552","targetHints":{"allow":["GET"]}}],"collection":[{"href":"https:\/\/www.zaragozasi.es\/index.php?rest_route=\/wp\/v2\/pages"}],"about":[{"href":"https:\/\/www.zaragozasi.es\/index.php?rest_route=\/wp\/v2\/types\/page"}],"author":[{"embeddable":true,"href":"https:\/\/www.zaragozasi.es\/index.php?rest_route=\/wp\/v2\/users\/1"}],"replies":[{"embeddable":true,"href":"https:\/\/www.zaragozasi.es\/index.php?rest_route=%2Fwp%2Fv2%2Fcomments&post=552"}],"version-history":[{"count":2,"href":"https:\/\/www.zaragozasi.es\/index.php?rest_route=\/wp\/v2\/pages\/552\/revisions"}],"predecessor-version":[{"id":1240,"href":"https:\/\/www.zaragozasi.es\/index.php?rest_route=\/wp\/v2\/pages\/552\/revisions\/1240"}],"wp:featuredmedia":[{"embeddable":true,"href":"https:\/\/www.zaragozasi.es\/index.php?rest_route=\/wp\/v2\/media\/812"}],"wp:attachment":[{"href":"https:\/\/www.zaragozasi.es\/index.php?rest_route=%2Fwp%2Fv2%2Fmedia&parent=552"}],"curies":[{"name":"wp","href":"https:\/\/api.w.org\/{rel}","templated":true}]}}